{"id":1077,"date":"2018-01-22T16:41:38","date_gmt":"2018-01-22T15:41:38","guid":{"rendered":"https:\/\/www.deroulpack.fr\/?page_id=1077"},"modified":"2018-03-02T10:12:39","modified_gmt":"2018-03-02T09:12:39","slug":"deroulpack-die-einzige-loesung-fuer-ergonomisches-manuelles-paletten-wickeln","status":"publish","type":"page","link":"https:\/\/www.deroulpack.fr\/de\/","title":{"rendered":"Deroulpack\u00ae, Die einzige l\u00f6sung f\u00fcr ergonomisches manuelles Paletten-Wickeln!"},"content":{"rendered":"<div class=\"wpb-content-wrapper\">[vc_row][vc_column width=&#8220;1\/2&#8243;][vc_column_text css=&#8220;.vc_custom_1516717549728{margin-bottom: 0px !important;}&#8220;]\n<h2>Den manuellen Paletten-Wickel-Vorgang weniger beschwerlich gestalten?<\/h2>\n<h3>Sie k\u00f6nnen das einfach, rasch und mit geringen Kosten erreichen!<\/h3>\n<p>DEROULPACK\u00ae f\u00fchrt, bei sehr geringen Kosten, zu einer garantierten Verringerung der beschwerlichen Aspekte des Paletten-Wickelns, bei einfacher und rascher Handhabung.<\/p>\n<p>Dieses patentierte Produkt, das in Frankreich entwickelt wurde und produziert wird, ist 2009 mit dem Preis \u201eOscar der Verpackung\u201c ausgezeichnet worden. Es wird in Frankreich von mehr als 7 000 Kunden aus vielen Sparten gen\u00fctzt, darunter gro\u00dfe Lebensmittelketten und Handelsh\u00e4user, Logistikfirmen, Industrieunternehmen und gro\u00dfe landwirtschaftliche Betriebe.[\/vc_column_text][vc_column_text css=&#8220;.vc_custom_1516717686343{margin-bottom: 0px !important;}&#8220;]\n<h2>Sie z\u00e4hlen auf DEROULPACK\u00ae, weil das Produkt folgende Vorteile bietet:<\/h2>\n<ul>\n<li>Verbesserung der Ergonomie des Arbeitsplatzes, zu sehr geringen Kosten<\/li>\n<li>Verringerung der Arbeitsbelastung des Verpackungspersonals und bessere Produktivit\u00e4t<\/li>\n<li>Verwendung von allen Arten von Stretch-Folien und vorgereckten Folien m\u00f6glich<\/li>\n<li>Optimale Wickel-Qualit\u00e4t: gute Dehnung der Folie und Abdeckung der Paletten-Unterseite<\/li>\n<\/ul>\n[\/vc_column_text][\/vc_column][vc_column width=&#8220;1\/2&#8243;][vc_column_text css=&#8220;.vc_custom_1519981928721{margin-bottom: 0px !important;}&#8220;]<img loading=\"lazy\" decoding=\"async\" class=\"aligncenter size-full wp-image-1381\" src=\"https:\/\/www.deroulpack.fr\/wp-content\/uploads\/einzige-losung-deroulpack.jpg\" alt=\"Einzige l\u00f6sung Deroulpack\" width=\"600\" height=\"600\" srcset=\"https:\/\/www.deroulpack.fr\/wp-content\/uploads\/einzige-losung-deroulpack.jpg 600w, https:\/\/www.deroulpack.fr\/wp-content\/uploads\/einzige-losung-deroulpack-150x150.jpg 150w, https:\/\/www.deroulpack.fr\/wp-content\/uploads\/einzige-losung-deroulpack-300x300.jpg 300w, https:\/\/www.deroulpack.fr\/wp-content\/uploads\/einzige-losung-deroulpack-1024x1024.jpg 1024w\" sizes=\"auto, (max-width: 600px) 100vw, 600px\" \/><\/p>\n[\/vc_column_text][\/vc_column][\/vc_row][vc_row][vc_column][mk_padding_divider][\/vc_column][\/vc_row][vc_row][vc_column width=&#8220;1\/2&#8243;][vc_column_text css=&#8220;.vc_custom_1517839145675{margin-bottom: 0px !important;}&#8220;]\n<h2>Dank DEROULPACK\u00ae :<\/h2>\n<ul>\n<li>Reduzieren Sie betr\u00e4chtlich die beschwerlichen Aspekte, die mit dem manuellen Wickeln von Paletten verbunden sind<\/li>\n<li>Vermindern Sie die Gefahren am Arbeitsplatz, da vorw\u00e4rtsgerichtet gearbeitet wird<\/li>\n<li>Sparen Sie bis zu 40% der Materialkosten, durch die Verwendung von vorgereckten, d\u00fcnneren (7 \u03bcm) Folien<\/li>\n<li>Reduzieren Sie Materialverschwendung und Abf\u00e4lle<\/li>\n<li>Haben Sie sehr geringe Kosten im Vergleich zu einer maschinellen Einrichtung<\/li>\n<li>Wenn Sie schon mit einer automatischen Wickelmaschine ausgestattet sind, erreichen Sie zus\u00e4tzliche Flexibilit\u00e4t und Schnelligkeit bei unvorhergesehenen Auslieferungen und behalten Ihre Produktionskapazit\u00e4ten<\/li>\n<\/ul>\n[\/vc_column_text][\/vc_column][vc_column width=&#8220;1\/2&#8243;][vc_column_text css=&#8220;.vc_custom_1517839154043{margin-bottom: 0px !important;}&#8220;]DEROULPACK\u00ae entspricht, aufgrund der Verwendung von rostfreiem Stahl und Aluminium, den Anforderungen einer Verwendung im Lebensmittel- und Agrarbereich und bei Frischhalteprodukten.<\/p>\n<p>In K\u00fcrze wird eine neue Folien-Rollen-Version ohne Pappkern (CORELESS) auf den Markt gebracht. Dank dieser Coreless-Rolle f\u00e4llt keinerlei Rollenabfall mehr an.<\/p>\n<p>Wir danken Ihnen f\u00fcr Ihr Interesse und stehen f\u00fcr alle Ihre Fragen bzw. f\u00fcr eine Angebotslegung zu Ihrer Verf\u00fcgung.<\/p>\n<p>Der Einsatz von DEROULPACK\u00ae sichert die Gesundheitsvorsorge des Verpackungspersonals am Arbeitsplatz und steigert die Leistung bei gleichzeitig erh\u00f6htem Komfort. Das Wickeln der Paletten wird mit DEROULPACK\u00ae ergonomischer, effizienter und kosteng\u00fcnstiger.[\/vc_column_text][\/vc_column][\/vc_row][vc_row][vc_column][mk_padding_divider][\/vc_column][\/vc_row][vc_row][vc_column][vc_column_text css=&#8220;.vc_custom_1517923015784{margin-bottom: 0px !important;}&#8220;]\n<p style=\"text-align: center;\"><a class=\"cibeo-btn\" title=\"Kontakt\" href=\"https:\/\/www.deroulpack.fr\/de\/kontakt\/\">Kontakt<\/a><\/p>\n[\/vc_column_text][\/vc_column][\/vc_row][vc_row][vc_column][mk_padding_divider][\/vc_column][\/vc_row][vc_row][vc_column][vc_column_text css=&#8220;.vc_custom_1517841460733{margin-bottom: 0px !important;}&#8220;]\n<hr class=\"more-links-divider\" \/>\n[\/vc_column_text][\/vc_column][\/vc_row][vc_row][vc_column][mk_padding_divider][\/vc_column][\/vc_row][vc_row][vc_column width=&#8220;1\/2&#8243;][vc_icon type=&#8220;material&#8220; icon_material=&#8220;vc-material vc-material-accessibility&#8220; color=&#8220;custom&#8220; size=&#8220;xl&#8220; align=&#8220;center&#8220; custom_color=&#8220;#60dc4f&#8220;][vc_column_text css=&#8220;.vc_custom_1517841346916{margin-bottom: 0px !important;}&#8220;]\n<h3 style=\"text-align: center;\">Gesundheit<\/h3>\n<ul>\n<li>Verringerung der Risiken, sich Verletzungen durch wiederholte Belastung zuzuziehen (=Vermeidung des Repetitive Strain Injury-Syndroms\/RSI-Syndrom)<\/li>\n<li>Verringerung der Beschwerlichkeit des Wickelvorgangs und bessere Ergonomie<\/li>\n<li>Verringerung von Arbeitsunf\u00e4llen in Lagern<\/li>\n<\/ul>\n[\/vc_column_text][\/vc_column][vc_column width=&#8220;1\/2&#8243;][vc_icon icon_fontawesome=&#8220;fa fa-bar-chart&#8220; color=&#8220;custom&#8220; size=&#8220;xl&#8220; align=&#8220;center&#8220; custom_color=&#8220;#60dc4f&#8220;][vc_column_text css=&#8220;.vc_custom_1517841326021{margin-bottom: 0px !important;}&#8220;]\n<h3 style=\"text-align: center;\">Produktivit\u00e4t<\/h3>\n<ul>\n<li>Wickeln der Paletten in k\u00fcrzerer Zeit und sicherer Umgebung<\/li>\n<li>Verringerung von Erm\u00fcdungserscheinungen des Verpackungspersonals<\/li>\n<li>Verbesserung der Qualit\u00e4t der Palettenwicklung<\/li>\n<\/ul>\n[\/vc_column_text][\/vc_column][\/vc_row][vc_row][vc_column][mk_padding_divider][\/vc_column][\/vc_row][vc_row][vc_column width=&#8220;1\/2&#8243;][vc_icon icon_fontawesome=&#8220;fa fa-lightbulb-o&#8220; color=&#8220;custom&#8220; size=&#8220;xl&#8220; align=&#8220;center&#8220; custom_color=&#8220;#60dc4f&#8220;][vc_column_text css=&#8220;.vc_custom_1517841340517{margin-bottom: 0px !important;}&#8220;]\n<h3 style=\"text-align: center;\">Innovation<\/h3>\n<ul>\n<li>Wickeln der Unterseite der Palette in aufrechter Haltung<\/li>\n<li>Kontrolliertes Dehnen der Wickelfolie und Vermeidung von Risssch\u00e4den<\/li>\n<li>Verwendung von d\u00fcnneren (7 \u03bcm\/Mikrometer), vorgereckten Folienrollen<\/li>\n<\/ul>\n[\/vc_column_text][\/vc_column][vc_column width=&#8220;1\/2&#8243;][vc_icon icon_fontawesome=&#8220;fa fa-recycle&#8220; color=&#8220;custom&#8220; size=&#8220;xl&#8220; align=&#8220;center&#8220; custom_color=&#8220;#60dc4f&#8220;][vc_column_text css=&#8220;.vc_custom_1517841334789{margin-bottom: 0px !important;}&#8220;]\n<h3 style=\"text-align: center;\">\u00d6kologie<\/h3>\n<ul>\n<li>Reduzierter Verbrauch von Stretch-Folien-Rollen<\/li>\n<\/ul>\n[\/vc_column_text][\/vc_column][\/vc_row]\n<\/div>","protected":false},"excerpt":{"rendered":"<p>[vc_row][vc_column width=&#8220;1\/2&#8243;][vc_column_text css=&#8220;.vc_custom_1516717549728{margin-bottom: 0px !important;}&#8220;] Den manuellen Paletten-Wickel-Vorgang weniger beschwerlich gestalten? Sie k\u00f6nnen das einfach, rasch und mit geringen Kosten erreichen! DEROULPACK\u00ae f\u00fchrt, bei sehr geringen Kosten, zu einer garantierten Verringerung der beschwerlichen Aspekte des Paletten-Wickelns, bei einfacher und rascher Handhabung. Dieses patentierte Produkt, das in Frankreich entwickelt wurde und produziert wird, ist 2009 mit [&hellip;]<\/p>\n","protected":false},"author":1,"featured_media":12429,"parent":0,"menu_order":10,"comment_status":"closed","ping_status":"closed","template":"","meta":{"_monsterinsights_skip_tracking":false,"_monsterinsights_sitenote_active":false,"_monsterinsights_sitenote_note":"","_monsterinsights_sitenote_category":0,"footnotes":""},"class_list":["post-1077","page","type-page","status-publish","has-post-thumbnail","hentry"],"yoast_head":"<!-- This site is optimized with the Yoast SEO plugin v27.4 - https:\/\/yoast.com\/product\/yoast-seo-wordpress\/ -->\n<title>Deroulpack\u00ae, Die einzige l\u00f6sung f\u00fcr ergonomisches manuelles Paletten-Wickeln!<\/title>\n<meta name=\"description\" content=\"Deroulpack\u00ae, Die einzige l\u00f6sung f\u00fcr ergonomisches manuelles Paletten-Wickeln!\" \/>\n<meta name=\"robots\" content=\"index, follow, max-snippet:-1, max-image-preview:large, max-video-preview:-1\" \/>\n<link rel=\"canonical\" href=\"https:\/\/www.deroulpack.fr\/de\/\" \/>\n<meta property=\"og:locale\" content=\"de_DE\" \/>\n<meta property=\"og:type\" content=\"article\" \/>\n<meta property=\"og:title\" content=\"Deroulpack\u00ae, Die einzige l\u00f6sung f\u00fcr ergonomisches manuelles Paletten-Wickeln!\" \/>\n<meta property=\"og:description\" content=\"Deroulpack\u00ae, Die einzige l\u00f6sung f\u00fcr ergonomisches manuelles Paletten-Wickeln!\" \/>\n<meta property=\"og:url\" content=\"https:\/\/www.deroulpack.fr\/de\/\" \/>\n<meta property=\"og:site_name\" content=\"Deroulpack\" \/>\n<meta property=\"article:publisher\" content=\"https:\/\/fr-fr.facebook.com\/deroulpack\/\" \/>\n<meta property=\"article:modified_time\" content=\"2018-03-02T09:12:39+00:00\" \/>\n<meta property=\"og:image\" content=\"https:\/\/www.deroulpack.fr\/wp-content\/uploads\/einzige-losung-deroulpack.jpg\" \/>\n\t<meta property=\"og:image:width\" content=\"600\" \/>\n\t<meta property=\"og:image:height\" content=\"600\" \/>\n\t<meta property=\"og:image:type\" content=\"image\/jpeg\" \/>\n<meta name=\"twitter:card\" content=\"summary_large_image\" \/>\n<meta name=\"twitter:label1\" content=\"Gesch\u00e4tzte Lesezeit\" \/>\n\t<meta name=\"twitter:data1\" content=\"4\u00a0Minuten\" \/>\n<script type=\"application\/ld+json\" class=\"yoast-schema-graph\">{\"@context\":\"https:\\\/\\\/schema.org\",\"@graph\":[{\"@type\":\"WebPage\",\"@id\":\"https:\\\/\\\/www.deroulpack.fr\\\/de\\\/\",\"url\":\"https:\\\/\\\/www.deroulpack.fr\\\/de\\\/\",\"name\":\"Deroulpack\u00ae, Die einzige l\u00f6sung f\u00fcr ergonomisches manuelles Paletten-Wickeln!\",\"isPartOf\":{\"@id\":\"https:\\\/\\\/www.deroulpack.fr\\\/de\\\/#website\"},\"primaryImageOfPage\":{\"@id\":\"https:\\\/\\\/www.deroulpack.fr\\\/de\\\/#primaryimage\"},\"image\":{\"@id\":\"https:\\\/\\\/www.deroulpack.fr\\\/de\\\/#primaryimage\"},\"thumbnailUrl\":\"https:\\\/\\\/www.deroulpack.fr\\\/wp-content\\\/uploads\\\/deroulpack.jpg\",\"datePublished\":\"2018-01-22T15:41:38+00:00\",\"dateModified\":\"2018-03-02T09:12:39+00:00\",\"description\":\"Deroulpack\u00ae, Die einzige l\u00f6sung f\u00fcr ergonomisches manuelles Paletten-Wickeln!\",\"breadcrumb\":{\"@id\":\"https:\\\/\\\/www.deroulpack.fr\\\/de\\\/#breadcrumb\"},\"inLanguage\":\"de\",\"potentialAction\":[{\"@type\":\"ReadAction\",\"target\":[\"https:\\\/\\\/www.deroulpack.fr\\\/de\\\/\"]}]},{\"@type\":\"ImageObject\",\"inLanguage\":\"de\",\"@id\":\"https:\\\/\\\/www.deroulpack.fr\\\/de\\\/#primaryimage\",\"url\":\"https:\\\/\\\/www.deroulpack.fr\\\/wp-content\\\/uploads\\\/deroulpack.jpg\",\"contentUrl\":\"https:\\\/\\\/www.deroulpack.fr\\\/wp-content\\\/uploads\\\/deroulpack.jpg\",\"width\":600,\"height\":600},{\"@type\":\"BreadcrumbList\",\"@id\":\"https:\\\/\\\/www.deroulpack.fr\\\/de\\\/#breadcrumb\",\"itemListElement\":[{\"@type\":\"ListItem\",\"position\":1,\"name\":\"Accueil\",\"item\":\"https:\\\/\\\/www.deroulpack.fr\\\/de\\\/\"},{\"@type\":\"ListItem\",\"position\":2,\"name\":\"Deroulpack\u00ae, Die einzige l\u00f6sung f\u00fcr ergonomisches manuelles Paletten-Wickeln!\"}]},{\"@type\":\"WebSite\",\"@id\":\"https:\\\/\\\/www.deroulpack.fr\\\/de\\\/#website\",\"url\":\"https:\\\/\\\/www.deroulpack.fr\\\/de\\\/\",\"name\":\"Deroulpack\",\"description\":\"Deroulpack : Die einzige l\u00f6sung f\u00fcr ergonomisches manuelles Paletten-Wickeln!\",\"potentialAction\":[{\"@type\":\"SearchAction\",\"target\":{\"@type\":\"EntryPoint\",\"urlTemplate\":\"https:\\\/\\\/www.deroulpack.fr\\\/de\\\/?s={search_term_string}\"},\"query-input\":{\"@type\":\"PropertyValueSpecification\",\"valueRequired\":true,\"valueName\":\"search_term_string\"}}],\"inLanguage\":\"de\"}]}<\/script>\n<!-- \/ Yoast SEO plugin. -->","yoast_head_json":{"title":"Deroulpack\u00ae, Die einzige l\u00f6sung f\u00fcr ergonomisches manuelles Paletten-Wickeln!","description":"Deroulpack\u00ae, Die einzige l\u00f6sung f\u00fcr ergonomisches manuelles Paletten-Wickeln!","robots":{"index":"index","follow":"follow","max-snippet":"max-snippet:-1","max-image-preview":"max-image-preview:large","max-video-preview":"max-video-preview:-1"},"canonical":"https:\/\/www.deroulpack.fr\/de\/","og_locale":"de_DE","og_type":"article","og_title":"Deroulpack\u00ae, Die einzige l\u00f6sung f\u00fcr ergonomisches manuelles Paletten-Wickeln!","og_description":"Deroulpack\u00ae, Die einzige l\u00f6sung f\u00fcr ergonomisches manuelles Paletten-Wickeln!","og_url":"https:\/\/www.deroulpack.fr\/de\/","og_site_name":"Deroulpack","article_publisher":"https:\/\/fr-fr.facebook.com\/deroulpack\/","article_modified_time":"2018-03-02T09:12:39+00:00","og_image":[{"width":600,"height":600,"url":"https:\/\/www.deroulpack.fr\/wp-content\/uploads\/einzige-losung-deroulpack.jpg","type":"image\/jpeg"}],"twitter_card":"summary_large_image","twitter_misc":{"Gesch\u00e4tzte Lesezeit":"4\u00a0Minuten"},"schema":{"@context":"https:\/\/schema.org","@graph":[{"@type":"WebPage","@id":"https:\/\/www.deroulpack.fr\/de\/","url":"https:\/\/www.deroulpack.fr\/de\/","name":"Deroulpack\u00ae, Die einzige l\u00f6sung f\u00fcr ergonomisches manuelles Paletten-Wickeln!","isPartOf":{"@id":"https:\/\/www.deroulpack.fr\/de\/#website"},"primaryImageOfPage":{"@id":"https:\/\/www.deroulpack.fr\/de\/#primaryimage"},"image":{"@id":"https:\/\/www.deroulpack.fr\/de\/#primaryimage"},"thumbnailUrl":"https:\/\/www.deroulpack.fr\/wp-content\/uploads\/deroulpack.jpg","datePublished":"2018-01-22T15:41:38+00:00","dateModified":"2018-03-02T09:12:39+00:00","description":"Deroulpack\u00ae, Die einzige l\u00f6sung f\u00fcr ergonomisches manuelles Paletten-Wickeln!","breadcrumb":{"@id":"https:\/\/www.deroulpack.fr\/de\/#breadcrumb"},"inLanguage":"de","potentialAction":[{"@type":"ReadAction","target":["https:\/\/www.deroulpack.fr\/de\/"]}]},{"@type":"ImageObject","inLanguage":"de","@id":"https:\/\/www.deroulpack.fr\/de\/#primaryimage","url":"https:\/\/www.deroulpack.fr\/wp-content\/uploads\/deroulpack.jpg","contentUrl":"https:\/\/www.deroulpack.fr\/wp-content\/uploads\/deroulpack.jpg","width":600,"height":600},{"@type":"BreadcrumbList","@id":"https:\/\/www.deroulpack.fr\/de\/#breadcrumb","itemListElement":[{"@type":"ListItem","position":1,"name":"Accueil","item":"https:\/\/www.deroulpack.fr\/de\/"},{"@type":"ListItem","position":2,"name":"Deroulpack\u00ae, Die einzige l\u00f6sung f\u00fcr ergonomisches manuelles Paletten-Wickeln!"}]},{"@type":"WebSite","@id":"https:\/\/www.deroulpack.fr\/de\/#website","url":"https:\/\/www.deroulpack.fr\/de\/","name":"Deroulpack","description":"Deroulpack : Die einzige l\u00f6sung f\u00fcr ergonomisches manuelles Paletten-Wickeln!","potentialAction":[{"@type":"SearchAction","target":{"@type":"EntryPoint","urlTemplate":"https:\/\/www.deroulpack.fr\/de\/?s={search_term_string}"},"query-input":{"@type":"PropertyValueSpecification","valueRequired":true,"valueName":"search_term_string"}}],"inLanguage":"de"}]}},"_links":{"self":[{"href":"https:\/\/www.deroulpack.fr\/de\/wp-json\/wp\/v2\/pages\/1077","targetHints":{"allow":["GET"]}}],"collection":[{"href":"https:\/\/www.deroulpack.fr\/de\/wp-json\/wp\/v2\/pages"}],"about":[{"href":"https:\/\/www.deroulpack.fr\/de\/wp-json\/wp\/v2\/types\/page"}],"author":[{"embeddable":true,"href":"https:\/\/www.deroulpack.fr\/de\/wp-json\/wp\/v2\/users\/1"}],"replies":[{"embeddable":true,"href":"https:\/\/www.deroulpack.fr\/de\/wp-json\/wp\/v2\/comments?post=1077"}],"version-history":[{"count":20,"href":"https:\/\/www.deroulpack.fr\/de\/wp-json\/wp\/v2\/pages\/1077\/revisions"}],"predecessor-version":[{"id":1395,"href":"https:\/\/www.deroulpack.fr\/de\/wp-json\/wp\/v2\/pages\/1077\/revisions\/1395"}],"wp:featuredmedia":[{"embeddable":true,"href":"https:\/\/www.deroulpack.fr\/de\/wp-json\/wp\/v2\/media\/12429"}],"wp:attachment":[{"href":"https:\/\/www.deroulpack.fr\/de\/wp-json\/wp\/v2\/media?parent=1077"}],"curies":[{"name":"wp","href":"https:\/\/api.w.org\/{rel}","templated":true}]}}